{"id":2,"date":"2015-05-02T00:00:04","date_gmt":"2015-05-01T22:00:04","guid":{"rendered":"http:\/\/house-wordpress.studio-themes.com\/?page_id=2"},"modified":"2021-11-22T09:27:52","modified_gmt":"2021-11-22T07:27:52","slug":"home","status":"publish","type":"page","link":"https:\/\/ihr-hochzeitsplaner.eu\/","title":{"rendered":"Home"},"content":{"rendered":"<h1>Herzlich willkommen lieber Besucher,<\/h1>\n<p>Sie sind auf der Suche nach einem Diskjockey?<\/p>\n<p>Dann treffen Sie eine der wichtigsten Entscheidungen, um die Stimmung auf Ihrer Feier zu beeinflussen.<\/p>\n<p>Hop oder Top \u2013 die Wahl des richtigen Diskjockeys, der auch die Moderation Ihres Festes \u00fcbernimmt, entscheidet \u00fcber die Qualit\u00e4t Ihrer Feier!<\/p>\n<p>Wir \u2013 das sind Thorsten Degenhardt und Lars Meckfessel &#8211; verf\u00fcgen \u00fcber das Equipment, Know-how und jahrzehntelange Erfahrung um Ihre Feier in der fast jeder Gr\u00f6\u00dfenordnung zu einem unvergesslichen Ereignis zu machen.<\/p>\n<p><strong>We have also been shown on TV, &#8220;4 Hochzeiten &#8211; From bride to bride!&#8221;\u00a0\u00a0<\/strong><\/p>\n<p>Lassen Sie sich durch unsere Website inspirieren, lernen Sie uns kennen und entscheiden Sie sich f\u00fcr unsere <strong>Professionalit\u00e4t &amp; passion!<\/strong><\/p>\n<p>&nbsp;<\/p>\n<p>&nbsp;<\/p>\n","protected":false},"excerpt":{"rendered":"<p>Herzlich willkommen lieber Besucher, Sie sind auf der Suche nach einem Diskjockey? Dann treffen Sie eine der wichtigsten Entscheidungen, um die Stimmung auf Ihrer Feier zu beeinflussen. Hop oder Top \u2013 die Wahl des richtigen Diskjockeys, der auch die Moderation Ihres Festes \u00fcbernimmt, entscheidet \u00fcber die Qualit\u00e4t Ihrer Feier! we [&hellip;]<\/p>\n","protected":false},"author":1,"featured_media":0,"parent":0,"menu_order":0,"comment_status":"closed","ping_status":"closed","template":"","meta":{"footnotes":""},"_links":{"self":[{"href":"https:\/\/ihr-hochzeitsplaner.eu\/index.php?rest_route=\/wp\/v2\/pages\/2"}],"collection":[{"href":"https:\/\/ihr-hochzeitsplaner.eu\/index.php?rest_route=\/wp\/v2\/pages"}],"about":[{"href":"https:\/\/ihr-hochzeitsplaner.eu\/index.php?rest_route=\/wp\/v2\/types\/page"}],"author":[{"embeddable":true,"href":"https:\/\/ihr-hochzeitsplaner.eu\/index.php?rest_route=\/wp\/v2\/users\/1"}],"replies":[{"embeddable":true,"href":"https:\/\/ihr-hochzeitsplaner.eu\/index.php?rest_route=%2Fwp%2Fv2%2Fcomments&post=2"}],"version-history":[{"count":18,"href":"https:\/\/ihr-hochzeitsplaner.eu\/index.php?rest_route=\/wp\/v2\/pages\/2\/revisions"}],"predecessor-version":[{"id":35925,"href":"https:\/\/ihr-hochzeitsplaner.eu\/index.php?rest_route=\/wp\/v2\/pages\/2\/revisions\/35925"}],"wp:attachment":[{"href":"https:\/\/ihr-hochzeitsplaner.eu\/index.php?rest_route=%2Fwp%2Fv2%2Fmedia&parent=2"}],"curies":[{"name":"wp","href":"https:\/\/api.w.org\/{rel}","templated":true}]}}