{"id":77,"date":"2015-05-02T00:00:48","date_gmt":"2015-05-01T22:00:48","guid":{"rendered":"http:\/\/house-wordpress.studio-themes.com\/?page_id=77"},"modified":"2024-06-03T18:59:36","modified_gmt":"2024-06-03T16:59:36","slug":"ueber-uns","status":"publish","type":"page","link":"https:\/\/ihr-hochzeitsplaner.eu\/?page_id=77","title":{"rendered":"\u00dcber uns"},"content":{"rendered":"<p>Music was my first love &#8211; John Miles<\/p>\n<p>&#8230;and it will be my last.<\/p>\n<p>Musik ist mein Leben!<\/p>\n<p>Mein Name ist Thorsten Degenhardt. DJ ON (DJ Ohne Namen). Ich wurde 1969 geboren und kann tats\u00e4chlich auf \u00fcber 30 Jahre Erfahrung im Event- und Diskothekenbreich zur\u00fcckblicken. Mein Werdegang wurde nicht so sehr durch das Interesse an der Technik geweckt, sondern immer aus Liebe zur Musik.<\/p>\n<p>Meine &#8220;Karriere&#8221; als Diskjockey und Unterhalter begann in der 8. Klasse! Im zarten Alter von 14 Jahren legte ich Musik bei Schulveranstaltungen und Klassenfeiern auf. Ich entdeckte, dass Musik Stimmungen ausdr\u00fcckt, aber auch beeinflussen kann. Da ich schon dort einen guten Job machte, folgten Auftr\u00e4ge auf Geburtstagen, Partys und Zeltfesten um auch dort f\u00fcr Stimmung zu sorgen. Auch die erste Hochzeit lie\u00df nicht lange auf sich warten.<a href=\"https:\/\/ihr-hochzeitsplaner.eu\/wp-content\/uploads\/2015\/05\/image1.jpg\"><img decoding=\"async\" loading=\"lazy\" class=\" size-medium wp-image-965 alignright\" src=\"https:\/\/ihr-hochzeitsplaner.eu\/wp-content\/uploads\/2015\/05\/image1-300x300.jpg\" alt=\"Thorsten\" width=\"300\" height=\"300\" srcset=\"https:\/\/ihr-hochzeitsplaner.eu\/wp-content\/uploads\/2015\/05\/image1-300x300.jpg 300w, https:\/\/ihr-hochzeitsplaner.eu\/wp-content\/uploads\/2015\/05\/image1-150x150.jpg 150w, https:\/\/ihr-hochzeitsplaner.eu\/wp-content\/uploads\/2015\/05\/image1.jpg 600w\" sizes=\"(max-width: 300px) 100vw, 300px\" \/><\/a><\/p>\n<p>In den 80er und 90er Jahren war ich als Diskjockey in verschiedenen Diskotheken angestellt. Auch dort machte ich die Erfahrung, dass die richtige Musik ein gro\u00dfes und anspruchsvolles Publikum begeistern kann.<\/p>\n<p>Obwohl ich zu Beginn der 80er Jahre bereits 40 CDs besa\u00df, ohne \u00fcberhaupt einen CD Player mein eigen zu nennen, verf\u00fcge ich heute \u00fcber ein so ausreichendes Equipment, dass ich Zeltfeste mit bis zu 2500 G\u00e4sten mit der richtigen Musik- und Lichttechnik best\u00fccken kann. Aber auch f\u00fcr kleine Veranstaltungen ist die passende Ausstattung vorhanden! Ob Geburtstag, Hochzeit, Silberhochzeit, Sch\u00fctzenfest mit ein paar 1000 G\u00e4sten oder Mottoparty in der Diskothek &#8211; ich bin f\u00fcr alles zu haben \ud83d\ude09<\/p>\n<p>Meine Familie muss damit leben, dass ich jede Musiksendung im Fernsehen verfolge, Boxen und Kopfwackler das Wohnzimmer &#8220;versch\u00f6nern&#8221; und Teile des Equipments im Esszimmer repariert und gewartet werden. Meinen 15-j\u00e4hrigen Sohn habe ich bereits mit dem &#8220;Diskjockey-Virus&#8221; infiziert, so dass er mich seit einigen Monaten beim Aufbau der Technik unterst\u00fctzt.<\/p>\n<p>Zu meinen Referenzen z\u00e4hlen u.a. l\u00e4ngerfristige Eins\u00e4tze in diesen Diskotheken: Bolero in Ankum, Flashdance in Bersenbr\u00fcck, Luisencenter Quakenbr\u00fcck, Cincinnati Osnabr\u00fcck, Castel Osnabr\u00fcck, VIVA\/Maxx Bad Essen, Empire Diepholz, Flash Waldbr\u00f6l, Zak Uelsen und das Index in Sch\u00fcttorf.<\/p>\n<p>Neben unz\u00e4hligen Firmenfeiern war ich auch als DJ auf Gro\u00df-Events aktiv und habe dort mit Moderatoren bekannter Radiosender und anderen namhaften K\u00fcnstlern zusammen auf der B\u00fchne gestanden.<\/p>\n<p>In den letzten Jahren habe ich mich auf Hochzeiten\/Silberhochzeiten, Geburtstage, Firmenevents und Sch\u00fctzenfeste spezialisiert.<\/p>\n","protected":false},"excerpt":{"rendered":"<p>Music was my first love &#8211; John Miles &#8230;and it will be my last. Musik ist mein Leben! Mein Name ist Thorsten Degenhardt. DJ ON (DJ Ohne Namen). Ich wurde 1969 geboren und kann tats\u00e4chlich auf \u00fcber 30 Jahre Erfahrung im Event- und Diskothekenbreich zur\u00fcckblicken. Mein Werdegang wurde nicht so [&hellip;]<\/p>\n","protected":false},"author":1,"featured_media":0,"parent":0,"menu_order":0,"comment_status":"closed","ping_status":"closed","template":"page-sidebar-right.php","meta":{"footnotes":""},"_links":{"self":[{"href":"https:\/\/ihr-hochzeitsplaner.eu\/index.php?rest_route=\/wp\/v2\/pages\/77"}],"collection":[{"href":"https:\/\/ihr-hochzeitsplaner.eu\/index.php?rest_route=\/wp\/v2\/pages"}],"about":[{"href":"https:\/\/ihr-hochzeitsplaner.eu\/index.php?rest_route=\/wp\/v2\/types\/page"}],"author":[{"embeddable":true,"href":"https:\/\/ihr-hochzeitsplaner.eu\/index.php?rest_route=\/wp\/v2\/users\/1"}],"replies":[{"embeddable":true,"href":"https:\/\/ihr-hochzeitsplaner.eu\/index.php?rest_route=%2Fwp%2Fv2%2Fcomments&post=77"}],"version-history":[{"count":17,"href":"https:\/\/ihr-hochzeitsplaner.eu\/index.php?rest_route=\/wp\/v2\/pages\/77\/revisions"}],"predecessor-version":[{"id":35930,"href":"https:\/\/ihr-hochzeitsplaner.eu\/index.php?rest_route=\/wp\/v2\/pages\/77\/revisions\/35930"}],"wp:attachment":[{"href":"https:\/\/ihr-hochzeitsplaner.eu\/index.php?rest_route=%2Fwp%2Fv2%2Fmedia&parent=77"}],"curies":[{"name":"wp","href":"https:\/\/api.w.org\/{rel}","templated":true}]}}