{"id":98,"date":"2015-05-02T00:00:41","date_gmt":"2015-05-01T22:00:41","guid":{"rendered":"http:\/\/house-wordpress.studio-themes.com\/?page_id=98"},"modified":"2015-05-29T22:07:33","modified_gmt":"2015-05-29T20:07:33","slug":"hochzeiten","status":"publish","type":"page","link":"https:\/\/ihr-hochzeitsplaner.eu\/?page_id=98","title":{"rendered":"Hochzeiten"},"content":{"rendered":"<p>Planen Sie Ihre Hochzeit??!!!<\/p>\n<p>Sie haben den richtigen Partner gefunden, mit dem Sie gemeinsam durchs Leben gehen m\u00f6chten und &#8220;Sie&#8221; hat ja gesagt, oder auch &#8220;Er&#8221;!<\/p>\n<p>Nun m\u00f6chten Sie Ihre innere Verbundenheit amtlich best\u00e4tigen lassen.<br \/>\nDamit\u00a0 ist der Zeitpunkt gekommen, ihre\u00a0 Hochzeit zu planen.<br \/>\nOb Sie nur standesamtlich, oder auch kirchlich getraut werden m\u00f6chten, ob Sie im kleinen Kreis, oder mit all ihren Freunden und Verwandten feiern m\u00f6chten, entscheiden Sie als Paar ganz allein.<\/p>\n<p>Freuen Sie sich auf einen wundersch\u00f6nen und unvergesslichen Tag!<\/p>\n<p>Wir werden f\u00fcr Sie da sein und Sie dabei unterst\u00fctzen!<\/p>\n<p>Ihr Team Thorsten Degenhardt &amp;\u00a0Lars Meckfessel<\/p>\n","protected":false},"excerpt":{"rendered":"<p>Planen Sie Ihre Hochzeit??!!! Sie haben den richtigen Partner gefunden, mit dem Sie gemeinsam durchs Leben gehen m\u00f6chten und &#8220;Sie&#8221; hat ja gesagt, oder auch &#8220;Er&#8221;! Nun m\u00f6chten Sie Ihre innere Verbundenheit amtlich best\u00e4tigen lassen. Damit\u00a0 ist der Zeitpunkt gekommen, ihre\u00a0 Hochzeit zu planen. Ob Sie nur standesamtlich, oder auch [&hellip;]<\/p>\n","protected":false},"author":1,"featured_media":0,"parent":0,"menu_order":0,"comment_status":"closed","ping_status":"closed","template":"page-sidebar-right.php","meta":{"footnotes":""},"_links":{"self":[{"href":"https:\/\/ihr-hochzeitsplaner.eu\/index.php?rest_route=\/wp\/v2\/pages\/98"}],"collection":[{"href":"https:\/\/ihr-hochzeitsplaner.eu\/index.php?rest_route=\/wp\/v2\/pages"}],"about":[{"href":"https:\/\/ihr-hochzeitsplaner.eu\/index.php?rest_route=\/wp\/v2\/types\/page"}],"author":[{"embeddable":true,"href":"https:\/\/ihr-hochzeitsplaner.eu\/index.php?rest_route=\/wp\/v2\/users\/1"}],"replies":[{"embeddable":true,"href":"https:\/\/ihr-hochzeitsplaner.eu\/index.php?rest_route=%2Fwp%2Fv2%2Fcomments&post=98"}],"version-history":[{"count":11,"href":"https:\/\/ihr-hochzeitsplaner.eu\/index.php?rest_route=\/wp\/v2\/pages\/98\/revisions"}],"predecessor-version":[{"id":963,"href":"https:\/\/ihr-hochzeitsplaner.eu\/index.php?rest_route=\/wp\/v2\/pages\/98\/revisions\/963"}],"wp:attachment":[{"href":"https:\/\/ihr-hochzeitsplaner.eu\/index.php?rest_route=%2Fwp%2Fv2%2Fmedia&parent=98"}],"curies":[{"name":"wp","href":"https:\/\/api.w.org\/{rel}","templated":true}]}}